{"id":508,"date":"2023-12-28T08:23:16","date_gmt":"2023-12-28T08:23:16","guid":{"rendered":"https:\/\/investment-days.de\/?page_id=508"},"modified":"2024-12-06T14:41:18","modified_gmt":"2024-12-06T12:41:18","slug":"agb","status":"publish","type":"page","link":"https:\/\/alternative-sachwerte.de\/en\/agb","title":{"rendered":"General terms and conditions with customer information"},"content":{"rendered":"\n<p><strong>\u00a7 1 Geltungsbereich<\/strong><\/p>\n\n\n\n<p>(1) Diese Allgemeinen Gesch\u00e4ftsbedingungen (AGB) gelten f\u00fcr alle Vertr\u00e4ge, die zwischen der VK Anlagen Gruppe GmbH, Langstra\u00dfe 8, 63075 Offenbach am Main (im Folgenden \u201eVerk\u00e4ufer\u201c genannt) und seinen Kunden (im Folgenden \u201eKunde\u201c genannt) \u00fcber den Verkauf und Versand von Diamanten abgeschlossen werden.\u00a0\u00a0<\/p>\n\n\n\n<p>(2) Abweichende Bedingungen des Kunden werden nicht anerkannt, es sei denn, der Verk\u00e4ufer stimmt ihrer Geltung ausdr\u00fccklich schriftlich zu.&nbsp;<\/p>\n\n\n\n<p><strong>\u00a7 2 Vertragsabschluss&nbsp;<\/strong><\/p>\n\n\n\n<p>(1) Die Pr\u00e4sentation der Waren auf der Website des Verk\u00e4ufers stellt kein rechtlich bindendes Angebot, sondern eine Aufforderung zur Abgabe einer Bestellung dar.&nbsp;<\/p>\n\n\n\n<p>(2) Der Kunde gibt durch das Absenden der Bestellung ein verbindliches Angebot zum Kauf der im Warenkorb enthaltenen Artikel ab. Der Vertrag kommt erst mit der ausdr\u00fccklichen Annahme des Angebots durch den Verk\u00e4ufer zustande, welche in der Regel durch eine Auftragsbest\u00e4tigung per E-Mail erfolgt.&nbsp;&nbsp;<\/p>\n\n\n\n<p><strong>\u00a7 3 Preise und Zahlungsbedingungen<\/strong><\/p>\n\n\n\n<p>(1) Die angegebenen Preise sind Endpreise und enthalten die gesetzliche Mehrwertsteuer, sofern diese anf\u00e4llt. Zus\u00e4tzlich anfallende Versandkosten werden gesondert ausgewiesen.&nbsp;<\/p>\n\n\n\n<p>(2) Der Kunde kann aus den im Bestellvorgang angegebenen Zahlungsarten w\u00e4hlen (z. B. \u00dcberweisung).\u00a0<\/p>\n\n\n\n<p>(3) Die Zahlung ist sofort nach Vertragsschluss f\u00e4llig, sofern nicht anders vereinbart.&nbsp;<\/p>\n\n\n\n<p><strong>$ 4 Lieferung und Versand&nbsp;&nbsp;<\/strong><\/p>\n\n\n\n<p>(1) Der Versand der Ware erfolgt ausschlie\u00dflich an die vom Kunden angegebene Lieferadresse.&nbsp;<\/p>\n\n\n\n<p>(2) Die Lieferzeit wird dem Kunden im Rahmen des Bestellprozesses mitgeteilt.&nbsp;<\/p>\n\n\n\n<p>(3) Der Versand erfolgt mit einer speziellen Versandmethode f\u00fcr Wertgegenst\u00e4nde, um die Sicherheit der Ware zu gew\u00e4hrleisten. Der Verk\u00e4ufer haftet nicht f\u00fcr Verz\u00f6gerungen, die durch Dritte (z. B. Versanddienstleister) verursacht werden.&nbsp;<\/p>\n\n\n\n<p>(4) Sollte ein Artikel nicht verf\u00fcgbar sein, wird der Kunde unverz\u00fcglich informiert, und bereits geleistete Zahlungen werden zur\u00fcckerstattet.&nbsp;<\/p>\n\n\n\n<p><strong>\u00a7 5 Eigentumsvorbehalt&nbsp;<\/strong><\/p>\n\n\n\n<p>Bis zur vollst\u00e4ndigen Bezahlung bleibt die gelieferte Ware im Eigentum des Verk\u00e4ufers.&nbsp;<\/p>\n\n\n\n<p><strong>\u00a7 6 Rabattaktionen<\/strong><\/p>\n\n\n\n<p>(1) Rabattaktionen sind zeitlich begrenzt und gelten nur im angegebenen Zeitraum sowie nur f\u00fcr die angegebenen Produkte oder Produktkategorien.&nbsp;<\/p>\n\n\n\n<p>(2) Rabatte k\u00f6nnen nicht mit anderen Aktionen oder Gutscheinen kombiniert werden, es sei denn, dies wird ausdr\u00fccklich anders angegeben.&nbsp;<\/p>\n\n\n\n<p>(3) Rabattaktionen sind nicht auf bereits abgeschlossene Bestellungen anwendbar.&nbsp;<\/p>\n\n\n\n<p>(4) Im Falle eines Widerrufs oder einer R\u00fcckgabe wird der urspr\u00fcnglich gew\u00e4hrte Rabatt anteilig verrechnet, sodass der zur\u00fcckzuerstattende Betrag den tats\u00e4chlich gezahlten Preis nicht \u00fcberschreitet.&nbsp;<\/p>\n\n\n\n<p><strong>\u00a7 7 Widerrufsrecht&nbsp;<\/strong><\/p>\n\n\n\n<p>(1) **Widerrufsbelehrung**: Der Kunde hat das Recht, binnen 14 Tagen ohne Angabe von Gr\u00fcnden den Vertrag zu widerrufen. Die Widerrufsfrist betr\u00e4gt 14 Tage ab dem Tag, an dem der Kunde oder ein von ihm benannter Dritter, der nicht der Bef\u00f6rderer ist, die Ware in Besitz genommen hat.&nbsp;&nbsp;<\/p>\n\n\n\n<p>(2) Um das Widerrufsrecht auszu\u00fcben, muss der Kunde den Verk\u00e4ufer ([Unternehmensname], [Anschrift], [Telefonnummer], [E-Mail-Adresse]) mittels einer eindeutigen Erkl\u00e4rung (z. B. ein mit der Post versandter Brief oder E-Mail) \u00fcber seinen Entschluss, diesen Vertrag zu widerrufen, informieren.&nbsp;&nbsp;<\/p>\n\n\n\n<p>(3) Der Kunde kann hierf\u00fcr das beigef\u00fcgte Muster-Widerrufsformular verwenden, das jedoch nicht vorgeschrieben ist.&nbsp;<\/p>\n\n\n\n<p>(4) Zur Wahrung der Widerrufsfrist reicht es aus, dass der Kunde die Mitteilung \u00fcber die Aus\u00fcbung des Widerrufsrechts vor Ablauf der Widerrufsfrist absendet.&nbsp;<\/p>\n\n\n\n<p><strong>\u00a7 8 Folgen des Widerrufs<\/strong><\/p>\n\n\n\n<p>(1) Im Falle eines Widerrufs hat der Verk\u00e4ufer alle Zahlungen, die er vom Kunden erhalten hat, einschlie\u00dflich der Lieferkosten (mit Ausnahme der zus\u00e4tzlichen Kosten, die sich daraus ergeben, dass der Kunde eine andere Art der Lieferung als die vom Verk\u00e4ufer angebotene g\u00fcnstigste Standardlieferung gew\u00e4hlt hat), unverz\u00fcglich und sp\u00e4testens binnen 14 Tagen ab dem Tag zur\u00fcckzuzahlen, an dem die Mitteilung \u00fcber den Widerruf dieses Vertrags beim Verk\u00e4ufer eingegangen ist.&nbsp;<\/p>\n\n\n\n<p>(2) F\u00fcr diese R\u00fcckzahlung verwendet der Verk\u00e4ufer dasselbe Zahlungsmittel, das der Kunde bei der urspr\u00fcnglichen Transaktion eingesetzt hat, es sei denn, es wurde ausdr\u00fccklich etwas anderes vereinbart; in keinem Fall werden dem Kunden wegen dieser R\u00fcckzahlung Entgelte berechnet.&nbsp;&nbsp;<\/p>\n\n\n\n<p>(3) Der Verk\u00e4ufer kann die R\u00fcckzahlung verweigern, bis er die Waren zur\u00fcckerhalten hat oder bis der Kunde den Nachweis erbracht hat, dass er die Waren zur\u00fcckgesandt hat, je nachdem, welches der fr\u00fchere Zeitpunkt ist.&nbsp;<\/p>\n\n\n\n<p>(4) Der Kunde hat die Waren unverz\u00fcglich und in jedem Fall sp\u00e4testens binnen 14 Tagen ab dem Tag, an dem er den Verk\u00e4ufer \u00fcber den Widerruf dieses Vertrags unterrichtet, an den Verk\u00e4ufer zur\u00fcckzusenden oder zu \u00fcbergeben. Die Frist ist gewahrt, wenn der Kunde die Waren vor Ablauf der Frist von 14 Tagen absendet.&nbsp;&nbsp;<\/p>\n\n\n\n<p>(5) Der Kunde tr\u00e4gt die unmittelbaren Kosten der R\u00fccksendung der Waren.&nbsp;<\/p>\n\n\n\n<p><strong>\u00a7 9 Haftung&nbsp;&nbsp;<\/strong><\/p>\n\n\n\n<p>(1) Der Verk\u00e4ufer haftet unbeschr\u00e4nkt f\u00fcr Vorsatz und grobe Fahrl\u00e4ssigkeit sowie bei Verletzung von Leben, K\u00f6rper oder Gesundheit.&nbsp;<\/p>\n\n\n\n<p>(2) F\u00fcr leichte Fahrl\u00e4ssigkeit haftet der Verk\u00e4ufer nur bei der Verletzung wesentlicher Vertragspflichten, deren Erf\u00fcllung die ordnungsgem\u00e4\u00dfe Durchf\u00fchrung des Vertrages \u00fcberhaupt erst erm\u00f6glicht und auf deren Einhaltung der Kunde regelm\u00e4\u00dfig vertrauen darf.&nbsp;&nbsp;<\/p>\n\n\n\n<p>(3) Die Haftung ist in F\u00e4llen leichter Fahrl\u00e4ssigkeit der H\u00f6he nach auf den vertragstypischen, vorhersehbaren Schaden begrenzt.&nbsp;<\/p>\n\n\n\n<p><strong>\u00a7 10 Datenschutz&nbsp;&nbsp;<\/strong><\/p>\n\n\n\n<p>Die Erhebung, Verarbeitung und Nutzung personenbezogener Daten erfolgt nach Ma\u00dfgabe der geltenden Datenschutzgesetze und gem\u00e4\u00df der Datenschutzerkl\u00e4rung des Verk\u00e4ufers.&nbsp;<\/p>\n\n\n\n<p><strong>\u00a7 11 Streitschlichtung&nbsp;&nbsp;<\/strong><\/p>\n\n\n\n<p>(1) Die Europ\u00e4ische Kommission stellt eine Plattform zur Online-Streitbeilegung (OS) bereit, die der Kunde unter [<a href=\"https:\/\/ec.europa.eu\/consumers\/odr\" target=\"_blank\" rel=\"noopener\">https:\/\/ec.europa.eu\/consumers\/odr<\/a>](<a href=\"https:\/\/ec.europa.eu\/consumers\/odr\" target=\"_blank\" rel=\"noopener\">https:\/\/ec.europa.eu\/consumers\/odr<\/a>) erreichen kann.&nbsp;&nbsp;<\/p>\n\n\n\n<p>(2) Der Verk\u00e4ufer ist weder verpflichtet noch bereit, an einem Streitbeilegungsverfahren vor einer Verbraucherschlichtungsstelle teilzunehmen.&nbsp;<\/p>\n\n\n\n<p><strong>\u00a7 12 Schlussbestimmungen&nbsp;&nbsp;<\/strong><\/p>\n\n\n\n<p>(1) Es gilt das Recht der Bundesrepublik Deutschland unter Ausschluss des UN-Kaufrechts.&nbsp;<\/p>\n\n\n\n<p>(2) Sollte eine Bestimmung dieser AGB unwirksam sein, bleibt die Wirksamkeit der \u00fcbrigen Bestimmungen unber\u00fchrt.&nbsp;<\/p>\n\n\n\n<p>(3) Gerichtsstand f\u00fcr alle Streitigkeiten aus Vertragsverh\u00e4ltnissen zwischen dem Verk\u00e4ufer und dem Kunden ist der Sitz des Verk\u00e4ufers, sofern der Kunde Kaufmann, juristische Person des \u00f6ffentlichen Rechts oder \u00f6ffentlich-rechtliches Sonderverm\u00f6gen ist.&nbsp;<\/p>\n\n\n\n<p><strong>Allgemeiner Hinweis<\/strong><\/p>\n\n\n\n<p>Eine Investition in Diamanten sollte nicht in Erwartung einer Rendite oder eines sonstigen Wertzuwachses erfolgen.<\/p>\n\n\n\n<p>Die Wertbildung eines Diamanten h\u00e4ngt von Faktoren ab, die nicht mit der Wertbildung an einer Wertpapier- oder Terminb\u00f6rse verglichen werden k\u00f6nnen. Es besteht daher das Risiko, dass Diamanten entweder nicht zum gew\u00fcnschten Zeitpunkt oder nur zu einem Preis ver\u00e4u\u00dfert werden k\u00f6nnen, der deutlich unter dem Kaufpreis liegt Preise aus der Vergangenheit oder der jeweilige gezahlte Kaufpreis stellen daher keine Garantie f\u00fcr zuk\u00fcnftige Markt \u2013 und Preisentwicklungen dar. Diamanten werden von unseren Kunden als Beimischung und als mobiler Wertspeicher angeschafft, oftmals sogar als Familienschatz f\u00fcr Generationen. Wir haben Sie ausdr\u00fccklich darauf hingewiesen, dass Diamanten als Sachwert nur dann geeignet sind, wenn Sie langfristig gehalten werden und andere liquide Verm\u00f6genswerte in ausreichendem Umfang vorhanden sind. Der Kauf von physischen Diamanten stellt keine verzinsliche Anlage dar. Diamanten werden zudem international in US Dollar gehandelt. Ein Verm\u00f6gensverlust durch negative Preis- und Dollarkursentwicklungen ist daher m\u00f6glich und muss bei der Kaufentscheidung ber\u00fccksichtigt werden. Bei einem Wiederverkauf ist zudem nicht sichergestellt, dass zu jedem Zeitpunkt eine entsprechende Nachfrage f\u00fcr zum Verkauf stehende Diamanten am Diamantmarkt existiert und welche Verkaufspreise jeweils zum Zeitpunkt erzielt werden k\u00f6nnen.<\/p>\n\n\n\n<p>Es besteht kein direkter Sekund\u00e4rmarkt f\u00fcr Diamanten und Benu ist auch nicht verpflichtet einen solchen bereitzustellen bzw. Diamanten von Kunden anzukaufen. Insbesondere gibt es f\u00fcr Diamanten keinen liquiden Sekund\u00e4rmarkt, auf dem sie jederzeit zu einem transparenten Kurs ver\u00e4u\u00dfert werden k\u00f6nnen. Der Ordnung halber weisen wir darauf hin, dass im Falle einer Gesch\u00e4ftsvermittlung durch Ihren selbst\u00e4ndigen Berater dieser m\u00f6glicherweise eine Verg\u00fctung f\u00fcr seine T\u00e4tigkeit aus dem Kaufpreis erh\u00e4lt. Bei einem Verkauf an gewerbliche Anbieter ist zu ber\u00fccksichtigen, dass die gezahlte Mehrwertsteuer nicht erl\u00f6st werden kann und die Preisbasis der US Dollar ist. Aus Gr\u00fcnden der Risikostreuung sollten Diamanten nur einen Teil des Gesamtverm\u00f6gens ausmachen und sind nicht geeignet zur kurzfristigen Spekulationen oder als Parkm\u00f6glichkeit von Geldern: Die Haltedauer von Diamanten sollte langfristigen Charakter &#8211; sinnvollerweise mindestens 15 Jahre &#8211; haben. Auf die kurzfristige Verf\u00fcgbarkeit des eingesetzten Kapitals sollten Sie verzichten k\u00f6nnen. Zudem raten wir beim Erwerb von Diamanten von einer Kaufpreisfinanzierung aufgrund der damit verbundenen speziellen Risiken ausdr\u00fccklich ab. Die Entscheidung, einen Diamanten zu kaufen muss von Ihnen selbst oder Ihren Beratern auf Umsetzbarkeit gepr\u00fcft werden.<\/p>\n","protected":false},"excerpt":{"rendered":"<p>\u00a7 1 Geltungsbereich (1) Diese Allgemeinen Gesch\u00e4ftsbedingungen (AGB) gelten f\u00fcr alle Vertr\u00e4ge, die zwischen der VK Anlagen Gruppe GmbH, Langstra\u00dfe 8, 63075 Offenbach am Main (im Folgenden \u201eVerk\u00e4ufer\u201c genannt) und seinen Kunden (im Folgenden \u201eKunde\u201c genannt) \u00fcber den Verkauf und Versand von Diamanten abgeschlossen werden.\u00a0\u00a0 (2) Abweichende Bedingungen des Kunden werden nicht anerkannt, es sei [&hellip;]<\/p>\n","protected":false},"author":1,"featured_media":0,"parent":0,"menu_order":0,"comment_status":"closed","ping_status":"closed","template":"","meta":{"_mo_disable_npp":"","site-sidebar-layout":"default","site-content-layout":"","ast-site-content-layout":"default","site-content-style":"default","site-sidebar-style":"default","ast-global-header-display":"","ast-banner-title-visibility":"","ast-main-header-display":"","ast-hfb-above-header-display":"","ast-hfb-below-header-display":"","ast-hfb-mobile-header-display":"","site-post-title":"","ast-breadcrumbs-content":"","ast-featured-img":"","footer-sml-layout":"","ast-disable-related-posts":"","theme-transparent-header-meta":"","adv-header-id-meta":"","stick-header-meta":"","header-above-stick-meta":"","header-main-stick-meta":"","header-below-stick-meta":"","astra-migrate-meta-layouts":"default","ast-page-background-enabled":"default","ast-page-background-meta":{"desktop":{"background-color":"var(--ast-global-color-4)","background-image":"","background-repeat":"repeat","background-position":"center center","background-size":"auto","background-attachment":"scroll","background-type":"","background-media":"","overlay-type":"","overlay-color":"","overlay-opacity":"","overlay-gradient":""},"tablet":{"background-color":"","background-image":"","background-repeat":"repeat","background-position":"center center","background-size":"auto","background-attachment":"scroll","background-type":"","background-media":"","overlay-type":"","overlay-color":"","overlay-opacity":"","overlay-gradient":""},"mobile":{"background-color":"","background-image":"","background-repeat":"repeat","background-position":"center center","background-size":"auto","background-attachment":"scroll","background-type":"","background-media":"","overlay-type":"","overlay-color":"","overlay-opacity":"","overlay-gradient":""}},"ast-content-background-meta":{"desktop":{"background-color":"var(--ast-global-color-5)","background-image":"","background-repeat":"repeat","background-position":"center center","background-size":"auto","background-attachment":"scroll","background-type":"","background-media":"","overlay-type":"","overlay-color":"","overlay-opacity":"","overlay-gradient":""},"tablet":{"background-color":"var(--ast-global-color-5)","background-image":"","background-repeat":"repeat","background-position":"center center","background-size":"auto","background-attachment":"scroll","background-type":"","background-media":"","overlay-type":"","overlay-color":"","overlay-opacity":"","overlay-gradient":""},"mobile":{"background-color":"var(--ast-global-color-5)","background-image":"","background-repeat":"repeat","background-position":"center center","background-size":"auto","background-attachment":"scroll","background-type":"","background-media":"","overlay-type":"","overlay-color":"","overlay-opacity":"","overlay-gradient":""}},"footnotes":""},"class_list":["post-508","page","type-page","status-publish","hentry"],"_links":{"self":[{"href":"https:\/\/alternative-sachwerte.de\/en\/wp-json\/wp\/v2\/pages\/508","targetHints":{"allow":["GET"]}}],"collection":[{"href":"https:\/\/alternative-sachwerte.de\/en\/wp-json\/wp\/v2\/pages"}],"about":[{"href":"https:\/\/alternative-sachwerte.de\/en\/wp-json\/wp\/v2\/types\/page"}],"author":[{"embeddable":true,"href":"https:\/\/alternative-sachwerte.de\/en\/wp-json\/wp\/v2\/users\/1"}],"replies":[{"embeddable":true,"href":"https:\/\/alternative-sachwerte.de\/en\/wp-json\/wp\/v2\/comments?post=508"}],"version-history":[{"count":8,"href":"https:\/\/alternative-sachwerte.de\/en\/wp-json\/wp\/v2\/pages\/508\/revisions"}],"predecessor-version":[{"id":2494,"href":"https:\/\/alternative-sachwerte.de\/en\/wp-json\/wp\/v2\/pages\/508\/revisions\/2494"}],"wp:attachment":[{"href":"https:\/\/alternative-sachwerte.de\/en\/wp-json\/wp\/v2\/media?parent=508"}],"curies":[{"name":"wp","href":"https:\/\/api.w.org\/{rel}","templated":true}]}}